{"id":182,"date":"2022-11-29T09:30:00","date_gmt":"2022-11-29T08:30:00","guid":{"rendered":"http:\/\/psychologue-bourgoin.fr\/?page_id=182"},"modified":"2022-11-29T09:30:15","modified_gmt":"2022-11-29T08:30:15","slug":"informet-moi","status":"publish","type":"page","link":"https:\/\/psychologue-bourgoin.fr\/?page_id=182","title":{"rendered":"INFORM&rsquo;ET MOI"},"content":{"rendered":"\n<p class=\"has-medium-font-size\"><strong>Groupe d&rsquo;information et de soutien pour parents et proches de personnes avec TSA<\/strong><\/p>\n\n\n\n<p>Je co-anime ces groupes avec ma coll\u00e8gue psychologue Sophie L\u00e9tard. L&rsquo;objectif est de permettre aux parents de comprendre le d\u00e9veloppement et le fonctionnement socio-cognitif de la personne avec autisme, de limiter le sentiment d&rsquo;isolement qui peut suivre l&rsquo;annonce du diagnostic, de recevoir de l&rsquo;information sur les d\u00e9marches et les dispositifs existants sur le territoire du Nord-Is\u00e8re, et de rencontrer d&rsquo;autres parents qui vivent des situations similaires.<\/p>\n\n\n\n<p>Les groupes se r\u00e9unissent par session de 6 s\u00e9ances les vendredi de 16h \u00e0 18h environ une fois par mois, \u00e0 mon cabinet.<\/p>\n\n\n\n<p>Le tarif est de 320 euros par session et par famille.<\/p>\n\n\n<div class=\"wp-block-image\">\n<figure class=\"aligncenter size-large is-resized\"><img loading=\"lazy\" src=\"http:\/\/psychologue-bourgoin.fr\/wp-content\/uploads\/2022\/11\/flyer-informet-moi-705x1024.jpg\" alt=\"\" class=\"wp-image-184\" width=\"353\" height=\"512\" srcset=\"https:\/\/psychologue-bourgoin.fr\/wp-content\/uploads\/2022\/11\/flyer-informet-moi-705x1024.jpg 705w, https:\/\/psychologue-bourgoin.fr\/wp-content\/uploads\/2022\/11\/flyer-informet-moi-206x300.jpg 206w, https:\/\/psychologue-bourgoin.fr\/wp-content\/uploads\/2022\/11\/flyer-informet-moi-768x1116.jpg 768w, https:\/\/psychologue-bourgoin.fr\/wp-content\/uploads\/2022\/11\/flyer-informet-moi-1057x1536.jpg 1057w, https:\/\/psychologue-bourgoin.fr\/wp-content\/uploads\/2022\/11\/flyer-informet-moi.jpg 1134w\" sizes=\"(max-width: 353px) 100vw, 353px\" \/><\/figure><\/div>","protected":false},"excerpt":{"rendered":"<p>Groupe d&rsquo;information et de soutien pour parents et proches de personnes avec TSA Je co-anime ces groupes avec ma coll\u00e8gue psychologue Sophie L\u00e9tard. L&rsquo;objectif est de permettre aux parents de comprendre le d\u00e9veloppement et le fonctionnement socio-cognitif de la personne &hellip; <a href=\"https:\/\/psychologue-bourgoin.fr\/?page_id=182\">Lire la suite\u00ad\u00ad<\/a><\/p>\n","protected":false},"author":1,"featured_media":0,"parent":0,"menu_order":0,"comment_status":"closed","ping_status":"closed","template":"","meta":{"kt_blocks_editor_width":""},"yoast_head":"<!-- This site is optimized with the Yoast SEO plugin v19.7.1 - https:\/\/yoast.com\/wordpress\/plugins\/seo\/ -->\n<title>INFORM&#039;ET MOI - Muriel Rousselle, psychologue clinicienne<\/title>\n<meta name=\"description\" content=\"groupe de formation et soutien destin\u00e9 aux familles de personnes porteuses du trouble du spectre de l&#039;autisme\" \/>\n<meta name=\"robots\" content=\"index, follow, max-snippet:-1, max-image-preview:large, max-video-preview:-1\" \/>\n<link rel=\"canonical\" href=\"https:\/\/psychologue-bourgoin.fr\/?page_id=182\" \/>\n<meta property=\"og:locale\" content=\"fr_FR\" \/>\n<meta property=\"og:type\" content=\"article\" \/>\n<meta property=\"og:title\" content=\"INFORM&#039;ET MOI - Muriel Rousselle, psychologue clinicienne\" \/>\n<meta property=\"og:description\" content=\"groupe de formation et soutien destin\u00e9 aux familles de personnes porteuses du trouble du spectre de l&#039;autisme\" \/>\n<meta property=\"og:url\" content=\"https:\/\/psychologue-bourgoin.fr\/?page_id=182\" \/>\n<meta property=\"og:site_name\" content=\"Muriel Rousselle, psychologue clinicienne\" \/>\n<meta property=\"article:modified_time\" content=\"2022-11-29T08:30:15+00:00\" \/>\n<meta property=\"og:image\" content=\"http:\/\/psychologue-bourgoin.fr\/wp-content\/uploads\/2022\/11\/flyer-informet-moi-705x1024.jpg\" \/>\n<meta name=\"twitter:card\" content=\"summary_large_image\" \/>\n<meta name=\"twitter:label1\" content=\"Dur\u00e9e de lecture estim\u00e9e\" \/>\n\t<meta name=\"twitter:data1\" content=\"1 minute\" \/>\n<script type=\"application\/ld+json\" class=\"yoast-schema-graph\">{\"@context\":\"https:\/\/schema.org\",\"@graph\":[{\"@type\":\"WebPage\",\"@id\":\"https:\/\/psychologue-bourgoin.fr\/?page_id=182\",\"url\":\"https:\/\/psychologue-bourgoin.fr\/?page_id=182\",\"name\":\"INFORM'ET MOI - Muriel Rousselle, psychologue clinicienne\",\"isPartOf\":{\"@id\":\"http:\/\/psychologue-bourgoin.fr\/#website\"},\"datePublished\":\"2022-11-29T08:30:00+00:00\",\"dateModified\":\"2022-11-29T08:30:15+00:00\",\"description\":\"groupe de formation et soutien destin\u00e9 aux familles de personnes porteuses du trouble du spectre de l'autisme\",\"breadcrumb\":{\"@id\":\"https:\/\/psychologue-bourgoin.fr\/?page_id=182#breadcrumb\"},\"inLanguage\":\"fr-FR\",\"potentialAction\":[{\"@type\":\"ReadAction\",\"target\":[\"https:\/\/psychologue-bourgoin.fr\/?page_id=182\"]}]},{\"@type\":\"BreadcrumbList\",\"@id\":\"https:\/\/psychologue-bourgoin.fr\/?page_id=182#breadcrumb\",\"itemListElement\":[{\"@type\":\"ListItem\",\"position\":1,\"name\":\"Accueil\",\"item\":\"http:\/\/psychologue-bourgoin.fr\/\"},{\"@type\":\"ListItem\",\"position\":2,\"name\":\"INFORM&rsquo;ET MOI\"}]},{\"@type\":\"WebSite\",\"@id\":\"http:\/\/psychologue-bourgoin.fr\/#website\",\"url\":\"http:\/\/psychologue-bourgoin.fr\/\",\"name\":\"Muriel Rousselle, psychologue clinicienne\",\"description\":\"\",\"potentialAction\":[{\"@type\":\"SearchAction\",\"target\":{\"@type\":\"EntryPoint\",\"urlTemplate\":\"http:\/\/psychologue-bourgoin.fr\/?s={search_term_string}\"},\"query-input\":\"required name=search_term_string\"}],\"inLanguage\":\"fr-FR\"}]}<\/script>\n<!-- \/ Yoast SEO plugin. -->","yoast_head_json":{"title":"INFORM'ET MOI - Muriel Rousselle, psychologue clinicienne","description":"groupe de formation et soutien destin\u00e9 aux familles de personnes porteuses du trouble du spectre de l'autisme","robots":{"index":"index","follow":"follow","max-snippet":"max-snippet:-1","max-image-preview":"max-image-preview:large","max-video-preview":"max-video-preview:-1"},"canonical":"https:\/\/psychologue-bourgoin.fr\/?page_id=182","og_locale":"fr_FR","og_type":"article","og_title":"INFORM'ET MOI - Muriel Rousselle, psychologue clinicienne","og_description":"groupe de formation et soutien destin\u00e9 aux familles de personnes porteuses du trouble du spectre de l'autisme","og_url":"https:\/\/psychologue-bourgoin.fr\/?page_id=182","og_site_name":"Muriel Rousselle, psychologue clinicienne","article_modified_time":"2022-11-29T08:30:15+00:00","og_image":[{"url":"http:\/\/psychologue-bourgoin.fr\/wp-content\/uploads\/2022\/11\/flyer-informet-moi-705x1024.jpg"}],"twitter_card":"summary_large_image","twitter_misc":{"Dur\u00e9e de lecture estim\u00e9e":"1 minute"},"schema":{"@context":"https:\/\/schema.org","@graph":[{"@type":"WebPage","@id":"https:\/\/psychologue-bourgoin.fr\/?page_id=182","url":"https:\/\/psychologue-bourgoin.fr\/?page_id=182","name":"INFORM'ET MOI - Muriel Rousselle, psychologue clinicienne","isPartOf":{"@id":"http:\/\/psychologue-bourgoin.fr\/#website"},"datePublished":"2022-11-29T08:30:00+00:00","dateModified":"2022-11-29T08:30:15+00:00","description":"groupe de formation et soutien destin\u00e9 aux familles de personnes porteuses du trouble du spectre de l'autisme","breadcrumb":{"@id":"https:\/\/psychologue-bourgoin.fr\/?page_id=182#breadcrumb"},"inLanguage":"fr-FR","potentialAction":[{"@type":"ReadAction","target":["https:\/\/psychologue-bourgoin.fr\/?page_id=182"]}]},{"@type":"BreadcrumbList","@id":"https:\/\/psychologue-bourgoin.fr\/?page_id=182#breadcrumb","itemListElement":[{"@type":"ListItem","position":1,"name":"Accueil","item":"http:\/\/psychologue-bourgoin.fr\/"},{"@type":"ListItem","position":2,"name":"INFORM&rsquo;ET MOI"}]},{"@type":"WebSite","@id":"http:\/\/psychologue-bourgoin.fr\/#website","url":"http:\/\/psychologue-bourgoin.fr\/","name":"Muriel Rousselle, psychologue clinicienne","description":"","potentialAction":[{"@type":"SearchAction","target":{"@type":"EntryPoint","urlTemplate":"http:\/\/psychologue-bourgoin.fr\/?s={search_term_string}"},"query-input":"required name=search_term_string"}],"inLanguage":"fr-FR"}]}},"_links":{"self":[{"href":"https:\/\/psychologue-bourgoin.fr\/index.php?rest_route=\/wp\/v2\/pages\/182"}],"collection":[{"href":"https:\/\/psychologue-bourgoin.fr\/index.php?rest_route=\/wp\/v2\/pages"}],"about":[{"href":"https:\/\/psychologue-bourgoin.fr\/index.php?rest_route=\/wp\/v2\/types\/page"}],"author":[{"embeddable":true,"href":"https:\/\/psychologue-bourgoin.fr\/index.php?rest_route=\/wp\/v2\/users\/1"}],"replies":[{"embeddable":true,"href":"https:\/\/psychologue-bourgoin.fr\/index.php?rest_route=%2Fwp%2Fv2%2Fcomments&post=182"}],"version-history":[{"count":2,"href":"https:\/\/psychologue-bourgoin.fr\/index.php?rest_route=\/wp\/v2\/pages\/182\/revisions"}],"predecessor-version":[{"id":186,"href":"https:\/\/psychologue-bourgoin.fr\/index.php?rest_route=\/wp\/v2\/pages\/182\/revisions\/186"}],"wp:attachment":[{"href":"https:\/\/psychologue-bourgoin.fr\/index.php?rest_route=%2Fwp%2Fv2%2Fmedia&parent=182"}],"curies":[{"name":"wp","href":"https:\/\/api.w.org\/{rel}","templated":true}]}}