{"id":32,"date":"2021-04-25T11:56:28","date_gmt":"2021-04-25T09:56:28","guid":{"rendered":"http:\/\/psychologue-bourgoin.fr\/?page_id=32"},"modified":"2022-09-25T16:04:21","modified_gmt":"2022-09-25T14:04:21","slug":"les-groupes-dhabiletes-sociales","status":"publish","type":"page","link":"https:\/\/psychologue-bourgoin.fr\/?page_id=32","title":{"rendered":"Les groupes d&rsquo;entra\u00eenement aux habilet\u00e9s sociales (GEHS)"},"content":{"rendered":"\n<p class=\"has-normal-font-size\"><em>Les habilet\u00e9s sociales sont un vaste ensemble de comp\u00e9tences qui permettent \u00e0 un individu d&rsquo;\u00eatre en interaction avec les autres et le social. Elles regroupent :<\/em><\/p>\n\n\n\n<div class=\"wp-block-image\"><figure class=\"alignleft size-full is-resized\"><img loading=\"lazy\" src=\"http:\/\/psychologue-bourgoin.fr\/wp-content\/uploads\/2022\/09\/istockphoto-1258023202-612x612-1.jpg\" alt=\"\" class=\"wp-image-157\" width=\"426\" height=\"256\" srcset=\"https:\/\/psychologue-bourgoin.fr\/wp-content\/uploads\/2022\/09\/istockphoto-1258023202-612x612-1.jpg 612w, https:\/\/psychologue-bourgoin.fr\/wp-content\/uploads\/2022\/09\/istockphoto-1258023202-612x612-1-300x180.jpg 300w\" sizes=\"(max-width: 426px) 100vw, 426px\" \/><\/figure><\/div>\n\n\n\n<ul><li>le<em>s capacit\u00e9s  qui permettent de reconna\u00eetre, exprimer, r\u00e9guler ses propres \u00e9motions<\/em><\/li><li><em>les capacit\u00e9s qui permettent de tisser et entretenir des liens sociaux (comme recevoir et donner des compliments, des marques de politesse, s&rsquo;excuser,&#8230;)<\/em><\/li><li><em>les capacit\u00e9s de communication comme converser en respectant le tour de r\u00f4le, comprendre les signaux infraverbaux, \u00e9couter, regarder,&#8230;<\/em><\/li><li><em>les capacit\u00e9s d&rsquo;affirmation de soi  qui permettent de faire et de r\u00e9pondre \u00e0 une demande, une critique,&#8230;<\/em><\/li><li><em>les capacit\u00e9s d&rsquo;adaptation collective qui permettent de se situer au sein d&rsquo;un groupe<\/em><\/li><\/ul>\n\n\n\n<p class=\"has-virtue-primary-color has-text-color\"><\/p>\n\n\n\n<p><\/p>\n\n\n\n<p><\/p>\n\n\n\n<p>Les difficult\u00e9s sur le plan des habilet\u00e9s sociales sont bien connues dans divers troubles neurod\u00e9veloppementaux . Ces difficult\u00e9s impactent parfois profond\u00e9ment la vie des enfants ou adolescents concern\u00e9s. Les groupes d&rsquo;entra\u00eenement aux habilet\u00e9s sociales permettent d&rsquo;intervenir de mani\u00e8re cibl\u00e9e sur ces difficult\u00e9s, et donnent aux personnes la possibilit\u00e9 de d\u00e9velopper leurs comp\u00e9tences. Ils visent \u00e0 ce que les personnes comprennent mieux leur environnement social et s&rsquo;y adaptent mieux.<\/p>\n\n\n\n<figure class=\"wp-block-image alignfull\"><img alt=\"\"\/><\/figure>\n\n\n\n<div class=\"wp-container-3 wp-block-group\"><div class=\"wp-block-group__inner-container\">\n<p><\/p>\n\n\n\n<p><\/p>\n\n\n\n<p><\/p>\n\n\n\n<figure class=\"wp-container-2 wp-block-gallery-1 wp-block-gallery alignright columns-1 is-cropped\"><ul class=\"blocks-gallery-grid\"><li class=\"blocks-gallery-item\"><figure><img loading=\"lazy\" width=\"315\" height=\"308\" src=\"http:\/\/psychologue-bourgoin.fr\/wp-content\/uploads\/2021\/05\/logo-1.png\" alt=\"\" data-id=\"118\" data-full-url=\"http:\/\/psychologue-bourgoin.fr\/wp-content\/uploads\/2021\/05\/logo-1.png\" data-link=\"http:\/\/psychologue-bourgoin.fr\/?attachment_id=118\" class=\"wp-image-118\" srcset=\"https:\/\/psychologue-bourgoin.fr\/wp-content\/uploads\/2021\/05\/logo-1.png 315w, https:\/\/psychologue-bourgoin.fr\/wp-content\/uploads\/2021\/05\/logo-1-300x293.png 300w\" sizes=\"(max-width: 315px) 100vw, 315px\" \/><\/figure><\/li><\/ul><\/figure>\n\n\n\n<p><strong>Groupes d&rsquo;entra\u00eenement aux habilet\u00e9s sociales Socia&rsquo;bilet\u00e9s<\/strong><\/p>\n<\/div><\/div>\n\n\n\n<p>Les groupes que j&rsquo;anime ont lieu une fois par quinzaine. Je les co-anime avec une \u00e9ducatrice sp\u00e9cialis\u00e9e et ils sont constitu\u00e9s au maximum de 5 enfants ou adolescents de m\u00eame \u00e2ge, de profils proches, afin de s&rsquo;ajuster au mieux \u00e0 leurs besoins. Des t\u00e2ches \u00e0 faire \u00e0 la maison seront r\u00e9guli\u00e8rement donn\u00e9es, afin que ce qui est travaill\u00e9 dans le cadre du groupe puisse \u00eatre repris et entra\u00een\u00e9 dans l&rsquo;environnement habituel de l&rsquo;enfant. La participation \u00e0 un GEHS est conditionn\u00e9e par la signature d&rsquo;un contrat d&rsquo;engagement par la famille et les deux animatrices. Les s\u00e9ances s&rsquo;organisent par cycles trimestriels.<\/p>\n\n\n\n<p>Les groupes sont structur\u00e9s, c&rsquo;est \u00e0 dire qu&rsquo;ils se d\u00e9roulent selon un sch\u00e9ma r\u00e9gulier, avec des temps plut\u00f4t th\u00e9oriques, d&rsquo;autres plut\u00f4t pratiques avec des jeux, des jeux de r\u00f4le, des mises en situation. Nous utilisons divers mat\u00e9riels et outils visuels en fonction des besoins et du niveau des enfants ou adolescents.<\/p>\n\n\n\n<p>Les th\u00e8mes abord\u00e9s peuvent \u00eatre la reconnaissance des \u00e9motions, la compr\u00e9hension de la pens\u00e9e des autres, partager un jeu, faire une demande, se pr\u00e9senter, faire un appel t\u00e9l\u00e9phonique, inviter un copain, r\u00e9agir \u00e0 une critique, etc&#8230;. Ils se d\u00e9finissent sous forme d&rsquo;objectifs en fonction des \u00e9l\u00e9ments recueillis lors d&rsquo;un entretien pr\u00e9liminaire avec les parents et l&rsquo;enfant ou l&rsquo;adolescent.<\/p>\n\n\n\n<p>Un groupe peut \u00eatre mis en place d\u00e8s lors que 3 ou 4 personnes de m\u00eame profil en font la demande. Les horaires sont d\u00e9finis en fonction des disponibilit\u00e9s de chacun.<\/p>\n","protected":false},"excerpt":{"rendered":"<p>Les habilet\u00e9s sociales sont un vaste ensemble de comp\u00e9tences qui permettent \u00e0 un individu d&rsquo;\u00eatre en interaction avec les autres et le social. Elles regroupent : les capacit\u00e9s qui permettent de reconna\u00eetre, exprimer, r\u00e9guler ses propres \u00e9motions les capacit\u00e9s qui &hellip; <a href=\"https:\/\/psychologue-bourgoin.fr\/?page_id=32\">Lire la suite\u00ad\u00ad<\/a><\/p>\n","protected":false},"author":1,"featured_media":0,"parent":0,"menu_order":0,"comment_status":"closed","ping_status":"closed","template":"","meta":{"kt_blocks_editor_width":""},"yoast_head":"<!-- This site is optimized with the Yoast SEO plugin v19.7.1 - https:\/\/yoast.com\/wordpress\/plugins\/seo\/ -->\n<title>Les groupes d&#039;entra\u00eenement aux habilet\u00e9s sociales (GEHS) - Muriel Rousselle, psychologue clinicienne<\/title>\n<meta name=\"robots\" content=\"index, follow, max-snippet:-1, max-image-preview:large, max-video-preview:-1\" \/>\n<link rel=\"canonical\" href=\"https:\/\/psychologue-bourgoin.fr\/?page_id=32\" \/>\n<meta property=\"og:locale\" content=\"fr_FR\" \/>\n<meta property=\"og:type\" content=\"article\" \/>\n<meta property=\"og:title\" content=\"Les groupes d&#039;entra\u00eenement aux habilet\u00e9s sociales (GEHS) - Muriel Rousselle, psychologue clinicienne\" \/>\n<meta property=\"og:description\" content=\"Les habilet\u00e9s sociales sont un vaste ensemble de comp\u00e9tences qui permettent \u00e0 un individu d&rsquo;\u00eatre en interaction avec les autres et le social. Elles regroupent : les capacit\u00e9s qui permettent de reconna\u00eetre, exprimer, r\u00e9guler ses propres \u00e9motions les capacit\u00e9s qui &hellip; Lire la suite\u00ad\u00ad\" \/>\n<meta property=\"og:url\" content=\"https:\/\/psychologue-bourgoin.fr\/?page_id=32\" \/>\n<meta property=\"og:site_name\" content=\"Muriel Rousselle, psychologue clinicienne\" \/>\n<meta property=\"article:modified_time\" content=\"2022-09-25T14:04:21+00:00\" \/>\n<meta property=\"og:image\" content=\"http:\/\/psychologue-bourgoin.fr\/wp-content\/uploads\/2022\/09\/istockphoto-1258023202-612x612-1.jpg\" \/>\n<meta name=\"twitter:card\" content=\"summary_large_image\" \/>\n<meta name=\"twitter:label1\" content=\"Dur\u00e9e de lecture estim\u00e9e\" \/>\n\t<meta name=\"twitter:data1\" content=\"3 minutes\" \/>\n<script type=\"application\/ld+json\" class=\"yoast-schema-graph\">{\"@context\":\"https:\/\/schema.org\",\"@graph\":[{\"@type\":\"WebPage\",\"@id\":\"https:\/\/psychologue-bourgoin.fr\/?page_id=32\",\"url\":\"https:\/\/psychologue-bourgoin.fr\/?page_id=32\",\"name\":\"Les groupes d'entra\u00eenement aux habilet\u00e9s sociales (GEHS) - Muriel Rousselle, psychologue clinicienne\",\"isPartOf\":{\"@id\":\"http:\/\/psychologue-bourgoin.fr\/#website\"},\"datePublished\":\"2021-04-25T09:56:28+00:00\",\"dateModified\":\"2022-09-25T14:04:21+00:00\",\"breadcrumb\":{\"@id\":\"https:\/\/psychologue-bourgoin.fr\/?page_id=32#breadcrumb\"},\"inLanguage\":\"fr-FR\",\"potentialAction\":[{\"@type\":\"ReadAction\",\"target\":[\"https:\/\/psychologue-bourgoin.fr\/?page_id=32\"]}]},{\"@type\":\"BreadcrumbList\",\"@id\":\"https:\/\/psychologue-bourgoin.fr\/?page_id=32#breadcrumb\",\"itemListElement\":[{\"@type\":\"ListItem\",\"position\":1,\"name\":\"Accueil\",\"item\":\"http:\/\/psychologue-bourgoin.fr\/\"},{\"@type\":\"ListItem\",\"position\":2,\"name\":\"Les groupes d&rsquo;entra\u00eenement aux habilet\u00e9s sociales (GEHS)\"}]},{\"@type\":\"WebSite\",\"@id\":\"http:\/\/psychologue-bourgoin.fr\/#website\",\"url\":\"http:\/\/psychologue-bourgoin.fr\/\",\"name\":\"Muriel Rousselle, psychologue clinicienne\",\"description\":\"\",\"potentialAction\":[{\"@type\":\"SearchAction\",\"target\":{\"@type\":\"EntryPoint\",\"urlTemplate\":\"http:\/\/psychologue-bourgoin.fr\/?s={search_term_string}\"},\"query-input\":\"required name=search_term_string\"}],\"inLanguage\":\"fr-FR\"}]}<\/script>\n<!-- \/ Yoast SEO plugin. -->","yoast_head_json":{"title":"Les groupes d'entra\u00eenement aux habilet\u00e9s sociales (GEHS) - Muriel Rousselle, psychologue clinicienne","robots":{"index":"index","follow":"follow","max-snippet":"max-snippet:-1","max-image-preview":"max-image-preview:large","max-video-preview":"max-video-preview:-1"},"canonical":"https:\/\/psychologue-bourgoin.fr\/?page_id=32","og_locale":"fr_FR","og_type":"article","og_title":"Les groupes d'entra\u00eenement aux habilet\u00e9s sociales (GEHS) - Muriel Rousselle, psychologue clinicienne","og_description":"Les habilet\u00e9s sociales sont un vaste ensemble de comp\u00e9tences qui permettent \u00e0 un individu d&rsquo;\u00eatre en interaction avec les autres et le social. Elles regroupent : les capacit\u00e9s qui permettent de reconna\u00eetre, exprimer, r\u00e9guler ses propres \u00e9motions les capacit\u00e9s qui &hellip; Lire la suite\u00ad\u00ad","og_url":"https:\/\/psychologue-bourgoin.fr\/?page_id=32","og_site_name":"Muriel Rousselle, psychologue clinicienne","article_modified_time":"2022-09-25T14:04:21+00:00","og_image":[{"url":"http:\/\/psychologue-bourgoin.fr\/wp-content\/uploads\/2022\/09\/istockphoto-1258023202-612x612-1.jpg"}],"twitter_card":"summary_large_image","twitter_misc":{"Dur\u00e9e de lecture estim\u00e9e":"3 minutes"},"schema":{"@context":"https:\/\/schema.org","@graph":[{"@type":"WebPage","@id":"https:\/\/psychologue-bourgoin.fr\/?page_id=32","url":"https:\/\/psychologue-bourgoin.fr\/?page_id=32","name":"Les groupes d'entra\u00eenement aux habilet\u00e9s sociales (GEHS) - Muriel Rousselle, psychologue clinicienne","isPartOf":{"@id":"http:\/\/psychologue-bourgoin.fr\/#website"},"datePublished":"2021-04-25T09:56:28+00:00","dateModified":"2022-09-25T14:04:21+00:00","breadcrumb":{"@id":"https:\/\/psychologue-bourgoin.fr\/?page_id=32#breadcrumb"},"inLanguage":"fr-FR","potentialAction":[{"@type":"ReadAction","target":["https:\/\/psychologue-bourgoin.fr\/?page_id=32"]}]},{"@type":"BreadcrumbList","@id":"https:\/\/psychologue-bourgoin.fr\/?page_id=32#breadcrumb","itemListElement":[{"@type":"ListItem","position":1,"name":"Accueil","item":"http:\/\/psychologue-bourgoin.fr\/"},{"@type":"ListItem","position":2,"name":"Les groupes d&rsquo;entra\u00eenement aux habilet\u00e9s sociales (GEHS)"}]},{"@type":"WebSite","@id":"http:\/\/psychologue-bourgoin.fr\/#website","url":"http:\/\/psychologue-bourgoin.fr\/","name":"Muriel Rousselle, psychologue clinicienne","description":"","potentialAction":[{"@type":"SearchAction","target":{"@type":"EntryPoint","urlTemplate":"http:\/\/psychologue-bourgoin.fr\/?s={search_term_string}"},"query-input":"required name=search_term_string"}],"inLanguage":"fr-FR"}]}},"_links":{"self":[{"href":"https:\/\/psychologue-bourgoin.fr\/index.php?rest_route=\/wp\/v2\/pages\/32"}],"collection":[{"href":"https:\/\/psychologue-bourgoin.fr\/index.php?rest_route=\/wp\/v2\/pages"}],"about":[{"href":"https:\/\/psychologue-bourgoin.fr\/index.php?rest_route=\/wp\/v2\/types\/page"}],"author":[{"embeddable":true,"href":"https:\/\/psychologue-bourgoin.fr\/index.php?rest_route=\/wp\/v2\/users\/1"}],"replies":[{"embeddable":true,"href":"https:\/\/psychologue-bourgoin.fr\/index.php?rest_route=%2Fwp%2Fv2%2Fcomments&post=32"}],"version-history":[{"count":8,"href":"https:\/\/psychologue-bourgoin.fr\/index.php?rest_route=\/wp\/v2\/pages\/32\/revisions"}],"predecessor-version":[{"id":175,"href":"https:\/\/psychologue-bourgoin.fr\/index.php?rest_route=\/wp\/v2\/pages\/32\/revisions\/175"}],"wp:attachment":[{"href":"https:\/\/psychologue-bourgoin.fr\/index.php?rest_route=%2Fwp%2Fv2%2Fmedia&parent=32"}],"curies":[{"name":"wp","href":"https:\/\/api.w.org\/{rel}","templated":true}]}}