{"id":58,"date":"2021-04-25T11:39:45","date_gmt":"2021-04-25T09:39:45","guid":{"rendered":"http:\/\/psychologue-bourgoin.fr\/?page_id=58"},"modified":"2022-09-22T15:29:03","modified_gmt":"2022-09-22T13:29:03","slug":"muriel-rousselle-psychologue","status":"publish","type":"page","link":"https:\/\/psychologue-bourgoin.fr\/","title":{"rendered":""},"content":{"rendered":"\n<p><\/p>\n\n\n\n<div class=\"wp-block-kadence-advancedgallery alignfull kb-gallery-wrap-id-_29af61-30\"><ul class=\"kb-gallery-ul kb-gallery-type-masonry kb-masonry-init kb-gallery-id-_29af61-30 kb-gallery-caption-style-bottom-hover kb-gallery-filter-none\" data-item-selector=\".kadence-blocks-gallery-item\" data-image-filter=\"none\" data-lightbox-caption=\"true\" data-columns-xxl=\"6\" data-columns-xl=\"6\" data-columns-lg=\"6\" data-columns-md=\"4\" data-columns-sm=\"4\" data-columns-xs=\"3\"><\/ul><\/div>\n\n\n\n<p>Je re\u00e7ois des enfants et adolescents \u00e0 besoins particuliers et leurs familles \u00e0 mon cabinet situ\u00e9 dans une maison de sant\u00e9 au 3,rue des vanneaux hupp\u00e9s \u00e0 Bourgoin-Jallieu.<\/p>\n\n\n\n<p>Les consultations se font sur rendez-vous du mercredi au samedi, au 07 55 63 12 90. <\/p>\n\n\n\n<p><\/p>\n\n\n\n<p>Apr\u00e8s 23 ann\u00e9es d&rsquo;exp\u00e9riences en \u00e9tablissements sp\u00e9cialis\u00e9s, je travaille actuellement en partie au sein d&rsquo;une \u00e9quipe d&rsquo;appui \u00e0 la scolarisation d&rsquo;enfants en situation de handicap (EMAS), et en partie en lib\u00e9ral. Mon approche est int\u00e9grative, c&rsquo;est \u00e0 dire qu&rsquo;elle allie des outils issus de divers courants, que j&rsquo;utilise en fonction des besoins de mes patients.<\/p>\n\n\n\n<p>Un premier rendez-vous d&rsquo;environ une heure permet de faire connaissance et de situer votre besoin. A l&rsquo;issue de ce premier rendez-vous et en fonction de nos \u00e9changes, je peux vous faire une proposition de suivi. Les rendez-vous ult\u00e9rieurs durent 3\/4 heure, et le rythme est d\u00e9fini avec vous.<\/p>\n","protected":false},"excerpt":{"rendered":"<p>Je re\u00e7ois des enfants et adolescents \u00e0 besoins particuliers et leurs familles \u00e0 mon cabinet situ\u00e9 dans une maison de sant\u00e9 au 3,rue des vanneaux hupp\u00e9s \u00e0 Bourgoin-Jallieu. Les consultations se font sur rendez-vous du mercredi au samedi, au 07 &hellip; <a href=\"https:\/\/psychologue-bourgoin.fr\/\">Lire la suite\u00ad\u00ad<\/a><\/p>\n","protected":false},"author":1,"featured_media":0,"parent":0,"menu_order":0,"comment_status":"closed","ping_status":"closed","template":"","meta":{"kt_blocks_editor_width":""},"yoast_head":"<!-- This site is optimized with the Yoast SEO plugin v19.7.1 - https:\/\/yoast.com\/wordpress\/plugins\/seo\/ -->\n<title>- Muriel Rousselle, psychologue clinicienne<\/title>\n<meta name=\"robots\" content=\"index, follow, max-snippet:-1, max-image-preview:large, max-video-preview:-1\" \/>\n<link rel=\"canonical\" href=\"http:\/\/psychologue-bourgoin.fr\/\" \/>\n<meta property=\"og:locale\" content=\"fr_FR\" \/>\n<meta property=\"og:type\" content=\"article\" \/>\n<meta property=\"og:title\" content=\"- Muriel Rousselle, psychologue clinicienne\" \/>\n<meta property=\"og:description\" content=\"Je re\u00e7ois des enfants et adolescents \u00e0 besoins particuliers et leurs familles \u00e0 mon cabinet situ\u00e9 dans une maison de sant\u00e9 au 3,rue des vanneaux hupp\u00e9s \u00e0 Bourgoin-Jallieu. Les consultations se font sur rendez-vous du mercredi au samedi, au 07 &hellip; Lire la suite\u00ad\u00ad\" \/>\n<meta property=\"og:url\" content=\"http:\/\/psychologue-bourgoin.fr\/\" \/>\n<meta property=\"og:site_name\" content=\"Muriel Rousselle, psychologue clinicienne\" \/>\n<meta property=\"article:modified_time\" content=\"2022-09-22T13:29:03+00:00\" \/>\n<meta name=\"twitter:card\" content=\"summary_large_image\" \/>\n<meta name=\"twitter:label1\" content=\"Dur\u00e9e de lecture estim\u00e9e\" \/>\n\t<meta name=\"twitter:data1\" content=\"1 minute\" \/>\n<script type=\"application\/ld+json\" class=\"yoast-schema-graph\">{\"@context\":\"https:\/\/schema.org\",\"@graph\":[{\"@type\":\"WebPage\",\"@id\":\"http:\/\/psychologue-bourgoin.fr\/\",\"url\":\"http:\/\/psychologue-bourgoin.fr\/\",\"name\":\"- Muriel Rousselle, psychologue clinicienne\",\"isPartOf\":{\"@id\":\"http:\/\/psychologue-bourgoin.fr\/#website\"},\"datePublished\":\"2021-04-25T09:39:45+00:00\",\"dateModified\":\"2022-09-22T13:29:03+00:00\",\"breadcrumb\":{\"@id\":\"http:\/\/psychologue-bourgoin.fr\/#breadcrumb\"},\"inLanguage\":\"fr-FR\",\"potentialAction\":[{\"@type\":\"ReadAction\",\"target\":[\"http:\/\/psychologue-bourgoin.fr\/\"]}]},{\"@type\":\"BreadcrumbList\",\"@id\":\"http:\/\/psychologue-bourgoin.fr\/#breadcrumb\",\"itemListElement\":[{\"@type\":\"ListItem\",\"position\":1,\"name\":\"Accueil\",\"item\":\"http:\/\/psychologue-bourgoin.fr\/\"},{\"@type\":\"ListItem\",\"position\":2,\"name\":\"\"}]},{\"@type\":\"WebSite\",\"@id\":\"http:\/\/psychologue-bourgoin.fr\/#website\",\"url\":\"http:\/\/psychologue-bourgoin.fr\/\",\"name\":\"Muriel Rousselle, psychologue clinicienne\",\"description\":\"\",\"potentialAction\":[{\"@type\":\"SearchAction\",\"target\":{\"@type\":\"EntryPoint\",\"urlTemplate\":\"http:\/\/psychologue-bourgoin.fr\/?s={search_term_string}\"},\"query-input\":\"required name=search_term_string\"}],\"inLanguage\":\"fr-FR\"}]}<\/script>\n<!-- \/ Yoast SEO plugin. -->","yoast_head_json":{"title":"- Muriel Rousselle, psychologue clinicienne","robots":{"index":"index","follow":"follow","max-snippet":"max-snippet:-1","max-image-preview":"max-image-preview:large","max-video-preview":"max-video-preview:-1"},"canonical":"http:\/\/psychologue-bourgoin.fr\/","og_locale":"fr_FR","og_type":"article","og_title":"- Muriel Rousselle, psychologue clinicienne","og_description":"Je re\u00e7ois des enfants et adolescents \u00e0 besoins particuliers et leurs familles \u00e0 mon cabinet situ\u00e9 dans une maison de sant\u00e9 au 3,rue des vanneaux hupp\u00e9s \u00e0 Bourgoin-Jallieu. Les consultations se font sur rendez-vous du mercredi au samedi, au 07 &hellip; Lire la suite\u00ad\u00ad","og_url":"http:\/\/psychologue-bourgoin.fr\/","og_site_name":"Muriel Rousselle, psychologue clinicienne","article_modified_time":"2022-09-22T13:29:03+00:00","twitter_card":"summary_large_image","twitter_misc":{"Dur\u00e9e de lecture estim\u00e9e":"1 minute"},"schema":{"@context":"https:\/\/schema.org","@graph":[{"@type":"WebPage","@id":"http:\/\/psychologue-bourgoin.fr\/","url":"http:\/\/psychologue-bourgoin.fr\/","name":"- Muriel Rousselle, psychologue clinicienne","isPartOf":{"@id":"http:\/\/psychologue-bourgoin.fr\/#website"},"datePublished":"2021-04-25T09:39:45+00:00","dateModified":"2022-09-22T13:29:03+00:00","breadcrumb":{"@id":"http:\/\/psychologue-bourgoin.fr\/#breadcrumb"},"inLanguage":"fr-FR","potentialAction":[{"@type":"ReadAction","target":["http:\/\/psychologue-bourgoin.fr\/"]}]},{"@type":"BreadcrumbList","@id":"http:\/\/psychologue-bourgoin.fr\/#breadcrumb","itemListElement":[{"@type":"ListItem","position":1,"name":"Accueil","item":"http:\/\/psychologue-bourgoin.fr\/"},{"@type":"ListItem","position":2,"name":""}]},{"@type":"WebSite","@id":"http:\/\/psychologue-bourgoin.fr\/#website","url":"http:\/\/psychologue-bourgoin.fr\/","name":"Muriel Rousselle, psychologue clinicienne","description":"","potentialAction":[{"@type":"SearchAction","target":{"@type":"EntryPoint","urlTemplate":"http:\/\/psychologue-bourgoin.fr\/?s={search_term_string}"},"query-input":"required name=search_term_string"}],"inLanguage":"fr-FR"}]}},"_links":{"self":[{"href":"https:\/\/psychologue-bourgoin.fr\/index.php?rest_route=\/wp\/v2\/pages\/58"}],"collection":[{"href":"https:\/\/psychologue-bourgoin.fr\/index.php?rest_route=\/wp\/v2\/pages"}],"about":[{"href":"https:\/\/psychologue-bourgoin.fr\/index.php?rest_route=\/wp\/v2\/types\/page"}],"author":[{"embeddable":true,"href":"https:\/\/psychologue-bourgoin.fr\/index.php?rest_route=\/wp\/v2\/users\/1"}],"replies":[{"embeddable":true,"href":"https:\/\/psychologue-bourgoin.fr\/index.php?rest_route=%2Fwp%2Fv2%2Fcomments&post=58"}],"version-history":[{"count":15,"href":"https:\/\/psychologue-bourgoin.fr\/index.php?rest_route=\/wp\/v2\/pages\/58\/revisions"}],"predecessor-version":[{"id":142,"href":"https:\/\/psychologue-bourgoin.fr\/index.php?rest_route=\/wp\/v2\/pages\/58\/revisions\/142"}],"wp:attachment":[{"href":"https:\/\/psychologue-bourgoin.fr\/index.php?rest_route=%2Fwp%2Fv2%2Fmedia&parent=58"}],"curies":[{"name":"wp","href":"https:\/\/api.w.org\/{rel}","templated":true}]}}